{"id":2183,"date":"2026-02-09T13:16:13","date_gmt":"2026-02-09T18:16:13","guid":{"rendered":"https:\/\/garagewendelmathis.dev-laboite.com\/product\/remorque-basculante-joskin-en\/"},"modified":"2026-02-10T11:35:46","modified_gmt":"2026-02-10T16:35:46","slug":"remorque-basculante-joskin-en","status":"publish","type":"product","link":"https:\/\/garagewendelmathis.ca\/en\/product\/remorque-basculante-joskin-en\/","title":{"rendered":"Remorque basculante Joskin"},"content":{"rendered":"<p>La benne \u00e0 trois essieux du fabricant belge Joskin est une des remorques basculantes les plus grandes et lourdes du march\u00e9. Con\u00e7ue pour les charges imposantes et le transport dans des conditions extr\u00eames, comme les travaux en sous-sol ou les utilisations agricoles sur des terrains difficiles, la version originale de ce \u00ab\u00a0monstre\u00a0\u00bb peut supporter une charge de jusqu&#8217;\u00e0 24\u00a0tonnes ou un volume de charge de 29\u00a0m\u00e8tres cube. Ce mod\u00e8le BRUDER impressionnant a \u00e9t\u00e9 d\u00e9velopp\u00e9 similairement \u00e0 la gamme originale \u00ab\u00a0Trans-SPACE\u00a0\u00bb et dispose conform\u00e9ment \u00e0 notre slogan&#8230; \u00ab\u00a0just like the real thing\u00a0\u00bb&#8230; d&#8217;une benne basculante rabattable et blocable avec ouverture automatique du panneau arri\u00e8re. Le ch\u00e2ssis \u00e0 trois essieux compense toutes les asp\u00e9rit\u00e9s du sol. Cette remorque basculante convient parfaitement aux tracteurs Top Profi nouvelle g\u00e9n\u00e9ration, qui sont disponibles depuis automne 2004 et ont d\u00e9j\u00e0 s\u00e9duit de nombreux clients. Les tracteurs de la s\u00e9rie Profi, comme nos Unimogs (avec adaptateur de raccordement) conviennent \u00e9galement.<\/p>\n","protected":false},"excerpt":{"rendered":"<p>La benne \u00e0 trois essieux du fabricant belge Joskin est une des remorques basculantes les plus grandes et lourdes du march\u00e9. Con\u00e7ue pour les charges imposantes et le transport dans des conditions extr\u00eames, comme les travaux en sous-sol ou les utilisations agricoles sur des terrains difficiles, la version originale de ce \u00ab\u00a0monstre\u00a0\u00bb peut supporter une &hellip; <a href=\"https:\/\/garagewendelmathis.ca\/en\/product\/remorque-basculante-joskin-en\/\">Continued<\/a><\/p>\n","protected":false},"featured_media":3389,"template":"","meta":{"_acf_changed":false},"product_brand":[116],"product_cat":[75],"product_tag":[],"class_list":{"0":"post-2183","1":"product","2":"type-product","3":"status-publish","4":"has-post-thumbnail","6":"product_brand-bruder","7":"product_cat-remorque","9":"first","10":"instock","11":"taxable","12":"shipping-taxable","13":"purchasable","14":"product-type-simple"},"acf":[],"_links":{"self":[{"href":"https:\/\/garagewendelmathis.ca\/en\/wp-json\/wp\/v2\/product\/2183","targetHints":{"allow":["GET"]}}],"collection":[{"href":"https:\/\/garagewendelmathis.ca\/en\/wp-json\/wp\/v2\/product"}],"about":[{"href":"https:\/\/garagewendelmathis.ca\/en\/wp-json\/wp\/v2\/types\/product"}],"wp:featuredmedia":[{"embeddable":true,"href":"https:\/\/garagewendelmathis.ca\/en\/wp-json\/wp\/v2\/media\/3389"}],"wp:attachment":[{"href":"https:\/\/garagewendelmathis.ca\/en\/wp-json\/wp\/v2\/media?parent=2183"}],"wp:term":[{"taxonomy":"product_brand","embeddable":true,"href":"https:\/\/garagewendelmathis.ca\/en\/wp-json\/wp\/v2\/product_brand?post=2183"},{"taxonomy":"product_cat","embeddable":true,"href":"https:\/\/garagewendelmathis.ca\/en\/wp-json\/wp\/v2\/product_cat?post=2183"},{"taxonomy":"product_tag","embeddable":true,"href":"https:\/\/garagewendelmathis.ca\/en\/wp-json\/wp\/v2\/product_tag?post=2183"}],"curies":[{"name":"wp","href":"https:\/\/api.w.org\/{rel}","templated":true}]}}